{"id":115,"date":"2021-01-08T19:36:08","date_gmt":"2021-01-08T18:36:08","guid":{"rendered":"https:\/\/www.barbarakajetanowicz.com\/?page_id=115"},"modified":"2024-08-07T16:54:15","modified_gmt":"2024-08-07T14:54:15","slug":"impressum","status":"publish","type":"page","link":"https:\/\/www.barbarakajetanowicz.com\/en\/impressum\/","title":{"rendered":"Imprint and Data Protection"},"content":{"rendered":"<p>[et_pb_section fb_built=&#8220;1&#8243; _builder_version=&#8220;4.16&#8243; _module_preset=&#8220;default&#8220; background_color=&#8220;#f0eae2&#8243; min_height=&#8220;548px&#8220; custom_padding=&#8220;16px||0px|||&#8220; global_colors_info=&#8220;{}&#8220;][et_pb_row _builder_version=&#8220;4.16&#8243; _module_preset=&#8220;default&#8220; width=&#8220;80%&#8220; custom_margin=&#8220;0px|auto||auto||&#8220; custom_padding=&#8220;0px|||||&#8220; global_colors_info=&#8220;{}&#8220;][et_pb_column type=&#8220;4_4&#8243; _builder_version=&#8220;4.16&#8243; _module_preset=&#8220;default&#8220; global_colors_info=&#8220;{}&#8220;][et_pb_text _builder_version=&#8220;4.16&#8243; _module_preset=&#8220;default&#8220; min_height=&#8220;39px&#8220; custom_margin=&#8220;4px|||||&#8220; custom_padding=&#8220;25px|||||&#8220; global_colors_info=&#8220;{}&#8220;]<\/p>\n<h1>Impressum und Datenschutz<\/h1>\n<p>[\/et_pb_text][et_pb_code _builder_version=&#8220;4.16&#8243; _module_preset=&#8220;default&#8220; global_colors_info=&#8220;{}&#8220;]<div class=\"trp_language_switcher_shortcode\">\n<div class=\"trp-language-switcher trp-language-switcher-container\" data-no-translation >\n    <div class=\"trp-ls-shortcode-current-language\">\n        <a href=\"#\" class=\"trp-ls-shortcode-disabled-language trp-ls-disabled-language\" title=\"English\" onclick=\"event.preventDefault()\">\n\t\t\t<img loading=\"lazy\" decoding=\"async\" class=\"trp-flag-image\" src=\"https:\/\/www.barbarakajetanowicz.com\/wp-content\/plugins\/translatepress-multilingual\/assets\/images\/flags\/en_US.png\" width=\"18\" height=\"12\" alt=\"en_US\" title=\"English\"> EN\t\t<\/a>\n    <\/div>\n    <div class=\"trp-ls-shortcode-language\">\n                <a href=\"#\" class=\"trp-ls-shortcode-disabled-language trp-ls-disabled-language\"  title=\"English\" onclick=\"event.preventDefault()\">\n\t\t\t<img loading=\"lazy\" decoding=\"async\" class=\"trp-flag-image\" src=\"https:\/\/www.barbarakajetanowicz.com\/wp-content\/plugins\/translatepress-multilingual\/assets\/images\/flags\/en_US.png\" width=\"18\" height=\"12\" alt=\"en_US\" title=\"English\"> EN\t\t<\/a>\n                    <a href=\"https:\/\/www.barbarakajetanowicz.com\/en\/wp-json\/wp\/v2\/pages\/115#TRPLINKPROCESSED\" title=\"German\">\n            <img loading=\"lazy\" decoding=\"async\" class=\"trp-flag-image\" src=\"https:\/\/www.barbarakajetanowicz.com\/wp-content\/plugins\/translatepress-multilingual\/assets\/images\/flags\/de_DE.png\" width=\"18\" height=\"12\" alt=\"de_DE\" title=\"German\"> DE_DE        <\/a>\n\n        <\/div>\n    <script type=\"application\/javascript\">\n        \/\/ need to have the same with set from JS on both divs. Otherwise it can push stuff around in HTML\n        var trp_ls_shortcodes = document.querySelectorAll('.trp_language_switcher_shortcode .trp-language-switcher');\n        if ( trp_ls_shortcodes.length > 0) {\n            \/\/ get the last language switcher added\n            var trp_el = trp_ls_shortcodes[trp_ls_shortcodes.length - 1];\n\n            var trp_shortcode_language_item = trp_el.querySelector( '.trp-ls-shortcode-language' )\n            \/\/ set width\n            var trp_ls_shortcode_width                                               = trp_shortcode_language_item.offsetWidth + 16;\n            trp_shortcode_language_item.style.width                                  = trp_ls_shortcode_width + 'px';\n            trp_el.querySelector( '.trp-ls-shortcode-current-language' ).style.width = trp_ls_shortcode_width + 'px';\n\n            \/\/ We're putting this on display: none after we have its width.\n            trp_shortcode_language_item.style.display = 'none';\n        }\n    <\/script>\n<\/div>\n<\/div>[\/et_pb_code][\/et_pb_column][\/et_pb_row][et_pb_row _builder_version=&#8220;4.16&#8243; _module_preset=&#8220;default&#8220; width=&#8220;80%&#8220; global_colors_info=&#8220;{}&#8220;][et_pb_column type=&#8220;4_4&#8243; _builder_version=&#8220;4.16&#8243; _module_preset=&#8220;default&#8220; global_colors_info=&#8220;{}&#8220;][et_pb_text _builder_version=&#8220;4.16&#8243; _module_preset=&#8220;default&#8220; global_colors_info=&#8220;{}&#8220;][\/et_pb_text][et_pb_text _builder_version=&#8220;4.27.0&#8243; _module_preset=&#8220;default&#8220; hover_enabled=&#8220;0&#8243; global_colors_info=&#8220;{}&#8220; sticky_enabled=&#8220;0&#8243;]<\/p>\n<p style=\"text-align: justify;\"><span>Informationspflicht laut \u00a75 E-Commerce Gesetz, \u00a714 Unternehmensgesetzbuch, \u00a763 Gewerbeordnung und Offenlegungspflicht laut \u00a725 Mediengesetz.<\/span><\/p>\n<p style=\"text-align: justify;\"><span><\/span><\/p>\n<p style=\"text-align: justify;\"><span>Mag. Barbara Kajetanowicz<\/span><\/p>\n<p style=\"text-align: justify;\"><span>Grutschgasse 16<\/span><\/p>\n<p style=\"text-align: justify;\"><span>2340 M\u00f6dling<\/span><\/p>\n<p style=\"text-align: justify;\"><span>b.kajetanowicz@kabsi.at<\/span><\/p>\n<p style=\"text-align: justify;\"><span>0676 5376610<\/span><\/p>\n<p style=\"text-align: justify;\"><span><\/span><\/p>\n<p style=\"text-align: justify;\"><span><\/span><\/p>\n<p style=\"text-align: justify;\"><span>Ziel der Homepage:<span class=\"Apple-converted-space\">\u00a0<\/span><\/span><\/p>\n<p style=\"text-align: justify;\"><span>Das Ziel dieser Homepage ist eine Verbreitung der Inhalte und dadurch erwirkte Entstehung neuer Kundenkontakte.<span class=\"Apple-converted-space\">\u00a0<\/span><\/span><\/p>\n<p style=\"text-align: justify;\"><span>Diese Homepage wurde erstellt mit <a href=\"https:\/\/wordpress.com\/\">WordPress<\/a> und dem Design <a href=\"https:\/\/www.elegantthemes.com\/\">\u201eDivi\u201c<\/a> von \u201e<a href=\"https:\/\/www.elegantthemes.com\/\">Elegant Themes<\/a>\u201c von Eva Brandeis &amp; Jakob Kastner<\/span><\/p>\n<p style=\"text-align: justify;\"><span><\/span><\/p>\n<p style=\"text-align: justify;\"><span>Bilder:<span class=\"Apple-converted-space\">\u00a0<\/span><\/span><\/p>\n<p style=\"text-align: justify;\"><span>Angaben zur Online-Streitbeilegung: Verbraucher haben die M\u00f6glichkeit, Beschwerden an die Online-Streitbeilegungsplattform der EU zu richten:\u00a0http:\/\/ec.europa.eu\/odr. Sie k\u00f6nnen allf\u00e4llige Beschwerden auch an die oben angegebene E-Mail-Adresse richten.<\/span><\/p>\n<p style=\"text-align: justify;\"><span><\/span><\/p>\n<p style=\"text-align: justify;\"><span>Korrektheit :<\/span><\/p>\n<p style=\"text-align: justify;\"><span>Alle Anleitungen, Beschreibungen und Informationen wurden mit h\u00f6chster Sorgfalt zusammengetragen und niedergeschrieben. Trotzdem kann eine Korrektheit oder Fehlerfreiheit keinesfalls garantiert werden.<\/span><\/p>\n<p style=\"text-align: justify;\"><span><\/span><\/p>\n<p style=\"text-align: justify;\"><span>Haftungsausschluss:<\/span><\/p>\n<p style=\"text-align: justify;\"><span>Mit der Nutzung dieser Seiten durch den Benutzer (Leser) sind keine vertraglichen Verpflichtungen (insbesondere die Aktualit\u00e4t, Weiterf\u00fchrung, Korrektheit u.\u00e4.) auf der Seite von Mag. Barbara Kajetanowicz verbunden. Die Autoren lehnen jegliche Haftung f\u00fcr Sch\u00e4den materieller wie immaterieller Art durch die Benutzung oder Verwertung der Informationen auf den Seiten von Mag. Barbara Kajetanowicz ab, soweit sie diese Sch\u00e4den nicht grob fahrl\u00e4ssig oder vors\u00e4tzlich herbeigef\u00fchrt haben.<\/span><\/p>\n<p style=\"text-align: justify;\"><span><\/span><\/p>\n<p style=\"text-align: justify;\"><span>Copyright:<\/span><\/p>\n<p style=\"text-align: justify;\"><span>Das Copyright dieser Webseiten liegt bei www.barbarakajetanowicz.com<span class=\"Apple-converted-space\">\u00a0 <\/span>Alle Rechte vorbehalten.<span class=\"Apple-converted-space\">\u00a0<\/span><\/span><\/p>\n<p style=\"text-align: justify;\"><span><\/span><\/p>\n<p style=\"text-align: justify;\"><span>Urheberrecht:<\/span><\/p>\n<p style=\"text-align: justify;\"><span>Die Betreiber dieser Webseite sind bem\u00fcht, stets die Urheberrechte anderer zu beachten bzw. auf selbst erstellte sowie lizenzfreie Werke zur\u00fcckzugreifen. Die durch die Seitenbetreiber erstellten Inhalte und Werke auf dieser Webseite unterliegen dem Urheberrecht.<\/span><\/p>\n<p style=\"text-align: justify;\"><span>Die Vervielf\u00e4ltigung, Bearbeitung, Verbreitung sowie jede Art der Verwertung von den Texten, Bildern und Beitr\u00e4gen auf der Webseite www.barbarakajetanowicz.com bedarf der schriftlichen Erlaubnis von Mag. Barbara Kajetanowicz.<\/span><span><\/span><\/p>\n<p style=\"text-align: justify;\"><span><\/span><\/p>\n<p style=\"text-align: justify;\"><span>Haftung f\u00fcr Links auf Webseiten Dritter:<\/span><\/p>\n<p style=\"text-align: justify;\"><span>Unser Angebot enth\u00e4lt Links zu externen Webseiten (Facebook, Youtube). Auf den Inhalt dieser externen Webseiten haben wir keinerlei Einfluss. Deshalb k\u00f6nnen wir f\u00fcr diese fremden Inhalte auch keine Gew\u00e4hr \u00fcbernehmen. F\u00fcr die Inhalte der verlinkten Seiten ist stets der jeweilige Anbieter oder Betreiber der Seiten verantwortlich. Die verlinkten Seiten wurden zum Zeitpunkt der Verlinkung auf m\u00f6gliche Rechtsverst\u00f6\u00dfe \u00fcberpr\u00fcft. Rechtswidrige Inhalte waren zum Zeitpunkt der Verlinkung nicht erkennbar. Eine permanente inhaltliche Kontrolle der verlinkten Seiten ist jedoch ohne konkrete Anhaltspunkte einer Rechtsverletzung nicht zumutbar. Bei Bekanntwerden von Rechtsverletzungen werden wir derartige Links umgehend entfernen<\/span><span><\/span><span><\/span><\/p>\n<p style=\"text-align: justify;\"><span><\/span><\/p>\n<p style=\"text-align: justify;\"><span>Datenschutzerkl\u00e4rung:<\/span><\/p>\n<p style=\"text-align: justify;\"><span>Der Schutz Ihrer pers\u00f6nlichen Daten ist uns ein besonderes Anliegen. Wir verarbeiten Ihre Daten daher ausschlie\u00dflich auf Grundlage der gesetzlichen Bestimmungen (DSGVO, TKG 2003). In diesen Datenschutzinformationen informieren wir Sie \u00fcber die wichtigsten Aspekte der Datenverarbeitung im Rahmen unserer Website.<\/span><\/p>\n<p style=\"text-align: justify;\"><span><\/span><\/p>\n<p style=\"text-align: justify;\"><span>Cookies:<\/span><\/p>\n<p style=\"text-align: justify;\"><span>Unsere Website verwendet nur systemrelevante Cookies. Dabei handelt es sich um kleine Textdateien, die mit Hilfe des Browsers auf Ihrem Endger\u00e4t abgelegt werden. Sie richten keinen Schaden an.<\/span><\/p>\n<p style=\"text-align: justify;\"><span>Wir nutzen Cookies dazu, unser Angebot benutzerfreundlich zu gestalten. Einige Cookies bleiben auf Ihrem Endger\u00e4t gespeichert, bis Sie diese l\u00f6schen. Sie erm\u00f6glichen es uns, Ihren Browser beim n\u00e4chsten Besuch wiederzuerkennen.<\/span><\/p>\n<p style=\"text-align: justify;\"><span>Wenn Sie dies nicht w\u00fcnschen, so k\u00f6nnen Sie Ihren Browser so einrichten, dass er Sie \u00fcber das Setzen von Cookies informiert und Sie dies nur im Einzelfall erlauben.<\/span><\/p>\n<p style=\"text-align: justify;\"><span>Bei der Deaktivierung von Cookies kann die Funktionalit\u00e4t unserer Website eingeschr\u00e4nkt sein.<\/span><\/p>\n<p style=\"text-align: justify;\"><span>Beim Besuch unserer Webseite wird Ihre IP-Adresse, Beginn und Ende der Sitzung f\u00fcr die Dauer dieser Sitzung erfasst. Dies ist technisch bedingt und stellt damit ein berechtigtes Interesse iSv Art 6 Abs 1 lit f DSGVO dar. Soweit im Folgenden nichts anderes geregelt wird, werden diese Daten von uns nicht weiterverarbeitet.<\/span><\/p>\n<p style=\"text-align: justify;\"><span><\/span><\/p>\n<p style=\"text-align: justify;\"><span><\/span><\/p>\n<p style=\"text-align: justify;\"><span>Zugriffsdaten und Logfiles:<\/span><\/p>\n<p style=\"text-align: justify;\"><span>Unsere Webseite wird beim Provider WVNET (Edelhof 3, 3910 Zwettl, \u00d6sterreich) gehostet. Der Provider erhebt Daten \u00fcber jeden Zugriff auf unsere Webseite.<br \/>Folgende Daten werden erhoben: Ihre IP-Adresse, die Adresse der abgerufenen Webseite (URL) sowie Datum und Uhrzeit des Aufrufs.<br \/>Die Speicherung der Protokolldaten erfolgt f\u00fcr statistische Auswertungen zum Zweck des Betriebs und der Sicherheit und erm\u00f6glicht dadurch auch vereinfachte Zugriffsstatistiken.<br \/>Der Provider beh\u00e4lt sich vor, die Protokolldaten nachtr\u00e4glich zu \u00fcberpr\u00fcfen, wenn aufgrund konkreter Anhaltspunkte der berechtigte Verdacht einer rechtswidrigen Nutzung besteht.<\/span><\/p>\n<p style=\"text-align: justify;\"><span><\/span><\/p>\n<p style=\"text-align: justify;\"><span>Kontakt mit uns:<\/span><\/p>\n<p style=\"text-align: justify;\"><span>Wenn Sie per Formular auf der Website oder per E-Mail Kontakt mit uns aufnehmen, werden Ihre angegebenen Daten zwecks Bearbeitung der Anfrage und f\u00fcr den Fall von Anschlussfragen sechs Monate bei uns gespeichert. Diese Daten geben wir nicht ohne Ihre Einwilligung weiter.<\/span><span><\/span><\/p>\n<p style=\"text-align: justify;\"><span><\/span><\/p>\n<p style=\"text-align: justify;\"><span>Ihre Rechte:<\/span><\/p>\n<p style=\"text-align: justify;\"><span>Ihnen stehen bez\u00fcglich Ihrer bei uns gespeicherten Daten\u00a0grunds\u00e4tzlich die Rechte auf Auskunft, Berichtigung, L\u00f6schung, Einschr\u00e4nkung, Daten\u00fcbertragbarkeit, Widerruf und Widerspruch zu. Wenn Sie glauben, dass die Verarbeitung Ihrer Daten gegen das Datenschutzrecht verst\u00f6\u00dft oder Ihre datenschutzrechtlichen Anspr\u00fcche sonst in einer Weise verletzt worden sind, k\u00f6nnen Sie sich bei uns unter b.kajetanowicz@kabsi.at oder bei der Datenschutzbeh\u00f6rde beschweren.<\/span><\/p>\n<p style=\"text-align: justify;\"><span><\/span><\/p>\n<p style=\"text-align: justify;\"><span>Sie erreichen uns unter folgenden Kontaktdaten:<\/span><\/p>\n<p style=\"text-align: justify;\"><span><\/span><\/p>\n<p style=\"text-align: justify;\"><span>Mag. Barbara Kajetanowicz<\/span><\/p>\n<p style=\"text-align: justify;\"><span>Grutschgasse 16<\/span><\/p>\n<p style=\"text-align: justify;\"><span>2340 M\u00f6dling<\/span><\/p>\n<p style=\"text-align: justify;\"><span>b.kajetanowicz@kabsi.at<\/span><\/p>\n<p style=\"text-align: justify;\"><span>0676 5376610<\/span><\/p>\n<p>[\/et_pb_text][\/et_pb_column][\/et_pb_row][\/et_pb_section]<\/p>\n","protected":false},"excerpt":{"rendered":"<p>Impressum und Datenschutz<div class=\"trp_language_switcher_shortcode\">\n<div class=\"trp-language-switcher trp-language-switcher-container\" data-no-translation >\n    <div class=\"trp-ls-shortcode-current-language\">\n        <a href=\"#\" class=\"trp-ls-shortcode-disabled-language trp-ls-disabled-language\" title=\"English\" onclick=\"event.preventDefault()\">\n\t\t\t<img loading=\"lazy\" decoding=\"async\" class=\"trp-flag-image\" src=\"https:\/\/www.barbarakajetanowicz.com\/wp-content\/plugins\/translatepress-multilingual\/assets\/images\/flags\/en_US.png\" width=\"18\" height=\"12\" alt=\"en_US\" title=\"English\"> EN\t\t<\/a>\n    <\/div>\n    <div class=\"trp-ls-shortcode-language\">\n                <a href=\"#\" class=\"trp-ls-shortcode-disabled-language trp-ls-disabled-language\"  title=\"English\" onclick=\"event.preventDefault()\">\n\t\t\t<img loading=\"lazy\" decoding=\"async\" class=\"trp-flag-image\" src=\"https:\/\/www.barbarakajetanowicz.com\/wp-content\/plugins\/translatepress-multilingual\/assets\/images\/flags\/en_US.png\" width=\"18\" height=\"12\" alt=\"en_US\" title=\"English\"> EN\t\t<\/a>\n                    <a href=\"https:\/\/www.barbarakajetanowicz.com\/en\/wp-json\/wp\/v2\/pages\/115#TRPLINKPROCESSED\" title=\"German\">\n            <img loading=\"lazy\" decoding=\"async\" class=\"trp-flag-image\" src=\"https:\/\/www.barbarakajetanowicz.com\/wp-content\/plugins\/translatepress-multilingual\/assets\/images\/flags\/de_DE.png\" width=\"18\" height=\"12\" alt=\"de_DE\" title=\"German\"> DE_DE        <\/a>\n\n        <\/div>\n    <script type=\"application\/javascript\">\n        \/\/ need to have the same with set from JS on both divs. Otherwise it can push stuff around in HTML\n        var trp_ls_shortcodes = document.querySelectorAll('.trp_language_switcher_shortcode .trp-language-switcher');\n        if ( trp_ls_shortcodes.length > 0) {\n            \/\/ get the last language switcher added\n            var trp_el = trp_ls_shortcodes[trp_ls_shortcodes.length - 1];\n\n            var trp_shortcode_language_item = trp_el.querySelector( '.trp-ls-shortcode-language' )\n            \/\/ set width\n            var trp_ls_shortcode_width                                               = trp_shortcode_language_item.offsetWidth + 16;\n            trp_shortcode_language_item.style.width                                  = trp_ls_shortcode_width + 'px';\n            trp_el.querySelector( '.trp-ls-shortcode-current-language' ).style.width = trp_ls_shortcode_width + 'px';\n\n            \/\/ We're putting this on display: none after we have its width.\n            trp_shortcode_language_item.style.display = 'none';\n        }\n    <\/script>\n<\/div>\n<\/div>Informationspflicht laut \u00a75 E-Commerce Gesetz, \u00a714 Unternehmensgesetzbuch, \u00a763 Gewerbeordnung und Offenlegungspflicht laut \u00a725 Mediengesetz. Mag. Barbara Kajetanowicz Grutschgasse 16 2340 M\u00f6dling b.kajetanowicz@kabsi.at 0676 5376610 Ziel der Homepage:\u00a0 Das Ziel dieser Homepage ist eine Verbreitung der Inhalte und dadurch erwirkte Entstehung neuer Kundenkontakte.\u00a0 Diese Homepage wurde erstellt mit Wordpress und dem Design \u201eDivi\u201c von [&hellip;]<\/p>\n","protected":false},"author":1,"featured_media":0,"parent":0,"menu_order":0,"comment_status":"closed","ping_status":"closed","template":"","meta":{"_et_pb_use_builder":"on","_et_pb_old_content":"","_et_gb_content_width":"","footnotes":"","_links_to":"","_links_to_target":""},"class_list":["post-115","page","type-page","status-publish","hentry"],"_links":{"self":[{"href":"https:\/\/www.barbarakajetanowicz.com\/en\/wp-json\/wp\/v2\/pages\/115","targetHints":{"allow":["GET"]}}],"collection":[{"href":"https:\/\/www.barbarakajetanowicz.com\/en\/wp-json\/wp\/v2\/pages"}],"about":[{"href":"https:\/\/www.barbarakajetanowicz.com\/en\/wp-json\/wp\/v2\/types\/page"}],"author":[{"embeddable":true,"href":"https:\/\/www.barbarakajetanowicz.com\/en\/wp-json\/wp\/v2\/users\/1"}],"replies":[{"embeddable":true,"href":"https:\/\/www.barbarakajetanowicz.com\/en\/wp-json\/wp\/v2\/comments?post=115"}],"version-history":[{"count":26,"href":"https:\/\/www.barbarakajetanowicz.com\/en\/wp-json\/wp\/v2\/pages\/115\/revisions"}],"predecessor-version":[{"id":944,"href":"https:\/\/www.barbarakajetanowicz.com\/en\/wp-json\/wp\/v2\/pages\/115\/revisions\/944"}],"wp:attachment":[{"href":"https:\/\/www.barbarakajetanowicz.com\/en\/wp-json\/wp\/v2\/media?parent=115"}],"curies":[{"name":"wp","href":"https:\/\/api.w.org\/{rel}","templated":true}]}}